{"id":7,"date":"2025-05-15T20:05:42","date_gmt":"2025-05-15T20:05:42","guid":{"rendered":"http:\/\/186.42.96.162\/?page_id=7"},"modified":"2025-08-04T09:25:01","modified_gmt":"2025-08-04T14:25:01","slug":"home","status":"publish","type":"page","link":"https:\/\/web18d04.mspz3.gob.ec\/","title":{"rendered":"Bienvenidos"},"content":{"rendered":"\n<p class=\"has-text-align-center\"><strong>Direcci\u00f3n Distrital 18D04 \u2013 Patate \u2013 San Pedro de Pelileo \u2013 Salud<\/strong><br>Abarca los cantones de Tungurahua: <br>PATATE, PELILEO, PILLARO, BA\u00d1OS, QUERO, CEVALLOS, MOCHA Y TISALEO.<br><strong>Direcci\u00f3n: <\/strong>Juan Montalvo y Eugenio Espejo<br><strong>Tel\u00e9fonos:<\/strong> (+593) 32765324 &#8211;\u00a0(+593) 32765347<br><strong>C\u00f3digo Postal<\/strong>: 180406 \/ Ben\u00edtez &#8211; Ecuador<\/p>\n","protected":false},"excerpt":{"rendered":"<p>Direcci\u00f3n Distrital 18D04 \u2013 Patate \u2013 San Pedro de Pelileo \u2013 SaludAbarca los cantones de Tungurahua: PATATE, PELILEO, PILLARO, BA\u00d1OS, QUERO, CEVALLOS, MOCHA Y TISALEO.Direcci\u00f3n: Juan Montalvo y Eugenio EspejoTel\u00e9fonos: (+593) 32765324 &#8211;\u00a0(+593) 32765347C\u00f3digo Postal: 180406 \/ Ben\u00edtez &#8211; Ecuador<\/p>\n","protected":false},"author":1,"featured_media":0,"parent":0,"menu_order":0,"comment_status":"closed","ping_status":"closed","template":"templates\/template-homepage.php","meta":{"footnotes":""},"class_list":["post-7","page","type-page","status-publish","hentry"],"jetpack_sharing_enabled":true,"_links":{"self":[{"href":"https:\/\/web18d04.mspz3.gob.ec\/index.php?rest_route=\/wp\/v2\/pages\/7","targetHints":{"allow":["GET"]}}],"collection":[{"href":"https:\/\/web18d04.mspz3.gob.ec\/index.php?rest_route=\/wp\/v2\/pages"}],"about":[{"href":"https:\/\/web18d04.mspz3.gob.ec\/index.php?rest_route=\/wp\/v2\/types\/page"}],"author":[{"embeddable":true,"href":"https:\/\/web18d04.mspz3.gob.ec\/index.php?rest_route=\/wp\/v2\/users\/1"}],"replies":[{"embeddable":true,"href":"https:\/\/web18d04.mspz3.gob.ec\/index.php?rest_route=%2Fwp%2Fv2%2Fcomments&post=7"}],"version-history":[{"count":9,"href":"https:\/\/web18d04.mspz3.gob.ec\/index.php?rest_route=\/wp\/v2\/pages\/7\/revisions"}],"predecessor-version":[{"id":132,"href":"https:\/\/web18d04.mspz3.gob.ec\/index.php?rest_route=\/wp\/v2\/pages\/7\/revisions\/132"}],"wp:attachment":[{"href":"https:\/\/web18d04.mspz3.gob.ec\/index.php?rest_route=%2Fwp%2Fv2%2Fmedia&parent=7"}],"curies":[{"name":"wp","href":"https:\/\/api.w.org\/{rel}","templated":true}]}}